{"id":11,"date":"2021-06-14T16:08:26","date_gmt":"2021-06-14T14:08:26","guid":{"rendered":"http:\/\/cmrgroup.es\/?page_id=11"},"modified":"2021-12-24T11:36:24","modified_gmt":"2021-12-24T10:36:24","slug":"politica-de-privacidad","status":"publish","type":"page","link":"https:\/\/cmrgroup.es\/ca\/politica-de-privacidad","title":{"rendered":"POL\u00cdTICA DE PRIVACITAT"},"content":{"rendered":"<div data-elementor-type=\"wp-page\" data-elementor-id=\"11\" class=\"elementor elementor-11\" data-elementor-post-type=\"page\">\n\t\t\t\t\t\t<section class=\"elementor-section elementor-top-section elementor-element elementor-element-3ef76458 elementor-section-boxed elementor-section-height-default elementor-section-height-default\" data-id=\"3ef76458\" data-element_type=\"section\" data-e-type=\"section\">\n\t\t\t\t\t\t<div class=\"elementor-container elementor-column-gap-default\">\n\t\t\t\t\t<div class=\"elementor-column elementor-col-100 elementor-top-column elementor-element elementor-element-392bffa1\" data-id=\"392bffa1\" data-element_type=\"column\" data-e-type=\"column\">\n\t\t\t<div class=\"elementor-widget-wrap elementor-element-populated\">\n\t\t\t\t\t\t<div class=\"elementor-element elementor-element-57ccc1a3 elementor-widget elementor-widget-text-editor\" data-id=\"57ccc1a3\" data-element_type=\"widget\" data-e-type=\"widget\" data-widget_type=\"text-editor.default\">\n\t\t\t\t<div class=\"elementor-widget-container\">\n\t\t\t\t\t\t\t\t\t<h2>POL\u00cdTICA DE PRIVACITAT<\/h2>\n<h2 align=\"JUSTIFY\">\u00a0<\/h2>\n<p align=\"JUSTIFY\"><span style=\"font-family: Arial, serif;\"><span style=\"font-size: small;\">CMR GROUP MARTI-INGLADA, S.L. com a titular del lloc web que vost\u00e8 visita, exposa en aquest apartat la Pol\u00edtica de Privacitat en l'\u00fas, i sobre la informaci\u00f3 de car\u00e0cter personal que l'usuari pot facilitar quan visiti o navegui per la p\u00e0gina web de la nostra titularitat.<\/span><\/span><\/p>\n<p align=\"JUSTIFY\"><span style=\"font-family: Arial, serif;\"><span style=\"font-size: small;\">En el tractament de dades de car\u00e0cter personal, CMR GROUP MARTI-INGLADA, S.L. garanteix el compliment de la Llei Org\u00e0nica 15\/1999, de 13 de desembre, de Protecci\u00f3 de Dades de Car\u00e0cter Personal i la seva normativa de desenvolupament, Reial Decret 1720\/2007, de 21 de desembre, pel qual s'aprova el seu Reglament, aix\u00ed com la LSSICE 34\/2002, de l'11 de juliol, de la Societat de la Informaci\u00f3 i de Comer\u00e7 Electr\u00f2nic. Pel que fa a tots els usuaris, que les dades trameses o subministrades a trav\u00e9s de la present seran incorporades a un fitxer automatitzat degudament inscrit a l'Ag\u00e8ncia Espanyola de Protecci\u00f3 de Dades.<\/span><\/span><\/p>\n<p align=\"JUSTIFY\"><span style=\"font-family: Arial, serif;\"><span style=\"font-size: small;\">CMR GROUP MARTI-INGLADA, S.L. es reserva el dret de modificar la present Pol\u00edtica de Protecci\u00f3 de Dades en qualsevol moment, per tal d'adaptar-la a novetats legislatives o canvis en les seves activitats, sent vigent la que a cada moment es trobi publicada a la nostra web.<\/span><\/span><\/p>\n<p align=\"JUSTIFY\"><span style=\"font-family: Arial, serif;\"><span style=\"font-size: small;\"><u>QUALITAT I FINALITAT<\/u><\/span><\/span><\/p>\n<p align=\"JUSTIFY\"><span style=\"font-family: Arial, serif;\"><span style=\"font-size: small;\">En fer \u201cclic\u201d al bot\u00f3 \u201cEnviar\u201d (o equivalent) incorporat als nostres formularis, l'usuari declara que la informaci\u00f3 i les dades que hi ha facilitat s\u00f3n exactes i veraces. Perqu\u00e8 la informaci\u00f3 facilitada estigui sempre actualitzada i no contingui errors, l'Usuari haur\u00e0 de comunicar, al m\u00e9s aviat possible, les modificacions de les seves dades de car\u00e0cter personal que es vagin produint, aix\u00ed com les rectificacions de dades err\u00f2nies en cas que en detecti algun. L'Usuari garanteix que les dades aportades s\u00f3n vertaderes, exactes, completes i actualitzades, i \u00e9s responsable de qualsevol dany o perjudici, directe o indirecte, que pogu\u00e9s ocasionar-se com a conseq\u00fc\u00e8ncia de l'incompliment de tal obligaci\u00f3. En funci\u00f3 del formulari o secci\u00f3 a qu\u00e8 accedeixis, i segons la informaci\u00f3 que ens faciliti, aquesta s'utilitzar\u00e0 per a les finalitats descrites a continuaci\u00f3, per la qual cosa acceptes expressament i de forma lliure i inequ\u00edvocament el tractament de les seves dades d'acord amb les seg\u00fcents finalitats:<\/span><\/span><\/p>\n<p align=\"JUSTIFY\"><span style=\"font-family: Arial, serif;\"><span style=\"font-size: small;\">Les que particularment s'indiquin a cadascuna de les p\u00e0gines o seccions on aparegui el formulari de registre o contacte electr\u00f2nic.<\/span><\/span><\/p>\n<p align=\"JUSTIFY\"><span style=\"font-family: Arial, serif;\"><span style=\"font-size: small;\">Amb car\u00e0cter general, per atendre les vostres sol\u00b7licituds, comentaris, consultes o qualsevol tipus de petici\u00f3 que sigui realitzada per l'usuari a trav\u00e9s de qualsevol de les formes de contacte que posem a la vostra disposici\u00f3. <\/span><\/span><\/p>\n<p align=\"JUSTIFY\"><span style=\"font-family: Arial, serif;\"><span style=\"font-size: small;\"><u>DADES DE TERCERS<\/u><\/span><\/span><\/p>\n<p align=\"JUSTIFY\"><span style=\"font-family: Arial, serif;\"><span style=\"font-size: small;\">En cas que ens faciliti dades de car\u00e0cter personal de terceres persones, en compliment del que disposa l'article 5.4. LOPD declara haver informat aquestes persones amb car\u00e0cter previ, del contingut de les dades facilitades, de la seva proced\u00e8ncia, de l'exist\u00e8ncia i finalitat del fitxer on es contenen les seves dades, dels destinataris d'aquesta informaci\u00f3, de la possibilitat de exercitar els drets d'acc\u00e9s, rectificaci\u00f3, cancel\u00b7laci\u00f3 o oposici\u00f3, aix\u00ed com de les dades identificatives de CMR GROUP MARTI-INGLADA, S.L.. En aquest sentit, \u00e9s de la seva exclusiva responsabilitat informar de tal circumst\u00e0ncia als tercers les dades dels quals ens cedir\u00e0, no assumint CMR GROUP MARTI-INGLADA, S.L. cap responsabilitat per l'incompliment d'aquest precepte per part de l'usuari.<\/span><\/span><\/p>\n<p align=\"JUSTIFY\"><span style=\"font-family: Arial, serif;\"><span style=\"font-size: small;\"><u>EXERCICI DE DRETS<\/u><\/span><\/span><\/p>\n<p align=\"JUSTIFY\"><span style=\"font-family: Arial, serif;\"><span style=\"font-size: small;\">El titular de les dades podr\u00e0 exercir els drets d'acc\u00e9s, rectificaci\u00f3, cancel\u00b7laci\u00f3 i oposici\u00f3 dirigint-se als mitjans de contacte de CMR GROUP MARTI-INGLADA, S.L. Aquesta sol\u00b7licitud haur\u00e0 de contenir les dades seg\u00fcents: nom i cognoms, domicili a efecte de notificacions, fotoc\u00f2pia del DNI I o Passaport.<\/span><\/span><\/p>\n<p align=\"JUSTIFY\"><span style=\"font-family: Arial, serif;\"><span style=\"font-size: small;\"><u>MESURES DE SEGURETAT<\/u><\/span><\/span><\/p>\n<p align=\"JUSTIFY\"><span style=\"font-family: Arial, serif;\"><span style=\"font-size: small;\">CMR GROUP MARTI-INGLADA, S.L. ha adoptat totes les mesures t\u00e8cniques i d'organitzaci\u00f3 necess\u00e0ria per garantir la seguretat i integritat de les dades de car\u00e0cter personal que tracti, aix\u00ed com per evitar la seva p\u00e8rdua, alteraci\u00f3 i\/o acc\u00e9s per part de tercers no autoritzats. Aix\u00f2 no obstant, l'usuari reconeix i accepta que les mesures de seguretat a Internet no s\u00f3n inexpugnables.<\/span><\/span><\/p>\t\t\t\t\t\t\t\t<\/div>\n\t\t\t\t<\/div>\n\t\t\t\t\t<\/div>\n\t\t<\/div>\n\t\t\t\t\t<\/div>\n\t\t<\/section>\n\t\t\t\t<\/div>","protected":false},"excerpt":{"rendered":"<p>POL\u00cdTICA DE PRIVACIDAD \u00a0 CMR GROUP MARTI-INGLADA, S.L. como titular del sitio web que Usted visita, expone en este apartado la Pol\u00edtica de Privacidad en el uso, y sobre la informaci\u00f3n de car\u00e1cter personal que el usuario puede facilitar cuando visite o navegue por la p\u00e1gina web de nuestra titularidad. En el tratamiento de datos [&hellip;]<\/p>\n","protected":false},"author":6,"featured_media":0,"parent":0,"menu_order":0,"comment_status":"closed","ping_status":"closed","template":"elementor_header_footer","meta":{"site-sidebar-layout":"default","site-content-layout":"default","ast-site-content-layout":"default","site-content-style":"default","site-sidebar-style":"default","ast-global-header-display":"","ast-banner-title-visibility":"","ast-main-header-display":"","ast-hfb-above-header-display":"","ast-hfb-below-header-display":"","ast-hfb-mobile-header-display":"","site-post-title":"","ast-breadcrumbs-content":"","ast-featured-img":"","footer-sml-layout":"","ast-disable-related-posts":"","theme-transparent-header-meta":"default","adv-header-id-meta":"","stick-header-meta":"","header-above-stick-meta":"","header-main-stick-meta":"","header-below-stick-meta":"","astra-migrate-meta-layouts":"default","ast-page-background-enabled":"default","ast-page-background-meta":{"desktop":{"background-color":"","background-image":"","background-repeat":"repeat","background-position":"center center","background-size":"auto","background-attachment":"scroll","background-type":"","background-media":"","overlay-type":"","overlay-color":"","overlay-opacity":"","overlay-gradient":""},"tablet":{"background-color":"","background-image":"","background-repeat":"repeat","background-position":"center center","background-size":"auto","background-attachment":"scroll","background-type":"","background-media":"","overlay-type":"","overlay-color":"","overlay-opacity":"","overlay-gradient":""},"mobile":{"background-color":"","background-image":"","background-repeat":"repeat","background-position":"center center","background-size":"auto","background-attachment":"scroll","background-type":"","background-media":"","overlay-type":"","overlay-color":"","overlay-opacity":"","overlay-gradient":""}},"ast-content-background-meta":{"desktop":{"background-color":"var(--ast-global-color-5)","background-image":"","background-repeat":"repeat","background-position":"center center","background-size":"auto","background-attachment":"scroll","background-type":"","background-media":"","overlay-type":"","overlay-color":"","overlay-opacity":"","overlay-gradient":""},"tablet":{"background-color":"var(--ast-global-color-5)","background-image":"","background-repeat":"repeat","background-position":"center center","background-size":"auto","background-attachment":"scroll","background-type":"","background-media":"","overlay-type":"","overlay-color":"","overlay-opacity":"","overlay-gradient":""},"mobile":{"background-color":"var(--ast-global-color-5)","background-image":"","background-repeat":"repeat","background-position":"center center","background-size":"auto","background-attachment":"scroll","background-type":"","background-media":"","overlay-type":"","overlay-color":"","overlay-opacity":"","overlay-gradient":""}},"footnotes":""},"class_list":["post-11","page","type-page","status-publish","hentry"],"meta_box":[],"_links":{"self":[{"href":"https:\/\/cmrgroup.es\/ca\/wp-json\/wp\/v2\/pages\/11","targetHints":{"allow":["GET"]}}],"collection":[{"href":"https:\/\/cmrgroup.es\/ca\/wp-json\/wp\/v2\/pages"}],"about":[{"href":"https:\/\/cmrgroup.es\/ca\/wp-json\/wp\/v2\/types\/page"}],"author":[{"embeddable":true,"href":"https:\/\/cmrgroup.es\/ca\/wp-json\/wp\/v2\/users\/6"}],"replies":[{"embeddable":true,"href":"https:\/\/cmrgroup.es\/ca\/wp-json\/wp\/v2\/comments?post=11"}],"version-history":[{"count":7,"href":"https:\/\/cmrgroup.es\/ca\/wp-json\/wp\/v2\/pages\/11\/revisions"}],"predecessor-version":[{"id":4114,"href":"https:\/\/cmrgroup.es\/ca\/wp-json\/wp\/v2\/pages\/11\/revisions\/4114"}],"wp:attachment":[{"href":"https:\/\/cmrgroup.es\/ca\/wp-json\/wp\/v2\/media?parent=11"}],"curies":[{"name":"wp","href":"https:\/\/api.w.org\/{rel}","templated":true}]}}