{"id":15,"date":"2021-06-14T16:22:36","date_gmt":"2021-06-14T14:22:36","guid":{"rendered":"http:\/\/cmrgroup.es\/politica-de-cookies-ue"},"modified":"2021-12-24T11:39:19","modified_gmt":"2021-12-24T10:39:19","slug":"politica-de-cookies-ue","status":"publish","type":"page","link":"https:\/\/cmrgroup.es\/ca\/politica-de-cookies-ue","title":{"rendered":"Pol\u00edtica de cookies (UE)"},"content":{"rendered":"<div data-elementor-type=\"wp-page\" data-elementor-id=\"15\" class=\"elementor elementor-15\" data-elementor-post-type=\"page\">\n\t\t\t\t\t\t<section class=\"elementor-section elementor-top-section elementor-element elementor-element-609e3033 elementor-section-boxed elementor-section-height-default elementor-section-height-default\" data-id=\"609e3033\" data-element_type=\"section\" data-e-type=\"section\">\n\t\t\t\t\t\t<div class=\"elementor-container elementor-column-gap-default\">\n\t\t\t\t\t<div class=\"elementor-column elementor-col-100 elementor-top-column elementor-element elementor-element-193ebae2\" data-id=\"193ebae2\" data-element_type=\"column\" data-e-type=\"column\">\n\t\t\t<div class=\"elementor-widget-wrap elementor-element-populated\">\n\t\t\t\t\t\t<div class=\"elementor-element elementor-element-b778c10 elementor-widget elementor-widget-text-editor\" data-id=\"b778c10\" data-element_type=\"widget\" data-e-type=\"widget\" data-widget_type=\"text-editor.default\">\n\t\t\t\t<div class=\"elementor-widget-container\">\n\t\t\t\t\t\t\t\t\t<h2>POL\u00cdTICA DE COOKIES<\/h2><p>\u00a0<\/p><p align=\"JUSTIFY\"><span style=\"font-family: Arial, serif;\"><span style=\"font-size: small;\">Les cookies s\u00f3n informacions breus que s'envien i s'emmagatzemen al disc dur de l'ordinador de l'usuari a trav\u00e9s del seu navegador quan aquest es connecta a una web.<\/span><\/span><\/p><p align=\"JUSTIFY\"><span style=\"font-family: Arial, serif;\"><span style=\"font-size: small;\">Les cookies es poden utilitzar per obtenir i emmagatzemar dades de l'usuari mentre est\u00e0 connectat per facilitar els serveis sol\u00b7licitats i que no se solen conservar (cookies de sessi\u00f3), o per conservar les dades de l'usuari per a altres serveis futurs i que es poden conservar per temps indefinit (cookies persistents). Les cookies poden ser pr\u00f2pies o de tercers.<\/span><\/span><\/p><p align=\"JUSTIFY\"><span style=\"font-family: Arial, serif;\"><span style=\"font-size: small;\">CMR GROUP MARTI-INGLADA, S.L. conforme a all\u00f2 ordenat per l'article 22.2 de la Llei 34\/2002, d'11 de juliol, de serveis de la societat de la informaci\u00f3 i de comer\u00e7 electr\u00f2nic, us informa que aquest lloc web utilitza cookies pr\u00f2pies i de tercers per millorar la navegaci\u00f3 , recopilar informaci\u00f3 an\u00f2nima sobre les visites utilitzant Google Analytics i per integrar contingut d'altres serveis com Whatsapp, etc. Les cookies s\u00f3n arxius que es poden descarregar al dispositiu mentre navega i que proporciona informaci\u00f3 sobre prefer\u00e8ncies i h\u00e0bits de navegaci\u00f3 per millorar la teva experi\u00e8ncia com a usuari. Si voleu saber m\u00e9s sobre l'\u00fas de cookies consulteu la Guia sobre l'\u00fas de les cookies publicada per l'Ag\u00e8ncia Espanyola de Protecci\u00f3 de Dades.<\/span><\/span><\/p><p align=\"JUSTIFY\"><span style=\"font-family: Arial, serif;\"><span style=\"font-size: small;\"><u>Hi ha diversos tipus de cookies:<\/u><\/span><\/span><\/p><p align=\"JUSTIFY\"><span style=\"font-family: Arial, serif;\"><span style=\"font-size: small;\"><b>Cookies t\u00e8cniques<\/b><\/span><\/span><span style=\"font-family: Arial, serif;\"><span style=\"font-size: small;\"> que faciliten la navegaci\u00f3 de l'usuari i la utilitzaci\u00f3 de les diferents opcions o serveis que ofereix la web com identificar la sessi\u00f3, permetre l'acc\u00e9s a determinades \u00e0rees, facilitar comandes, compres, emplenament de formularis, inscripcions, seguretat, facilitar funcionalitats (v\u00eddeos, xarxes socials, etc..).<\/span><\/span><\/p><p align=\"JUSTIFY\"><span style=\"font-family: Arial, serif;\"><span style=\"font-size: small;\"><b>Cookies de personalitzaci\u00f3<\/b><\/span><\/span><span style=\"font-family: Arial, serif;\"><span style=\"font-size: small;\"> que permeten a l'usuari accedir als serveis segons les prefer\u00e8ncies (idioma, navegador, configuraci\u00f3, etc\u2026).<\/span><\/span><\/p><p align=\"JUSTIFY\"><span style=\"font-family: Arial, serif;\"><span style=\"font-size: small;\"><b>Cookies d'an\u00e0lisi<\/b><\/span><\/span><span style=\"font-family: Arial, serif;\"><span style=\"font-size: small;\"> que permeten l'an\u00e0lisi an\u00f2nima del comportament dels usuaris de la web i que permeten mesurar l'activitat de l'usuari i elaborar perfils de navegaci\u00f3 per tal de millorar els llocs web.<\/span><\/span><\/p><p align=\"JUSTIFY\"><span style=\"font-family: Arial, serif;\"><span style=\"font-size: small;\"><b>Cookies publicit\u00e0ries<\/b><\/span><\/span><span style=\"font-family: Arial, serif;\"><span style=\"font-size: small;\"> que permeten la gesti\u00f3 dels espais publicitaris de la web.<\/span><\/span><\/p><p align=\"JUSTIFY\"><span style=\"font-family: Arial, serif;\"><span style=\"font-size: small;\"><b>Cookies de publicitat personalitzada<\/b><\/span><\/span><span style=\"font-family: Arial, serif;\"><span style=\"font-size: small;\"> que permeten la gesti\u00f3 dels espais publicitaris de la web sobre la base del comportament i els h\u00e0bits de navegaci\u00f3 de l'usuari, d'on obt\u00e9 el seu perfil i aquest fet permet personalitzar la publicitat que es mostra al navegador de l'usuari.<\/span><\/span><\/p><p align=\"JUSTIFY\"><span style=\"font-family: Arial, serif;\"><span style=\"font-size: small;\">CMR GROUP MARTI-INGLADA, S.L. \u00fanicament utilitza cookies t\u00e8cniques, de personalitzaci\u00f3 i an\u00e0lisi, pr\u00f2pies i de tercers, que en cap cas tracten dades de car\u00e0cter personal ni capten h\u00e0bits de navegaci\u00f3 per a fins publicitaris.<\/span><\/span><\/p><p align=\"JUSTIFY\"><span style=\"font-family: Arial, serif;\"><span style=\"font-size: small;\">Si no voleu acceptar l'\u00fas de les esmentades tecnologies, preguem encaridament que abandoneu la p\u00e0gina i desactiveu\/esborreu l'\u00fas de cookies en la configuraci\u00f3 del vostre programa de navegaci\u00f3, d'acord amb les instruccions del fabricant del mateix. Si amb posterioritat a l'acceptaci\u00f3 voleu revocar el consentiment prestat, procediu a eliminar les cookies emmagatzemades en el vostre sistema d'acord amb les instruccions del fabricant del programa de navegaci\u00f3.<\/span><\/span><\/p><p align=\"JUSTIFY\"><span style=\"font-family: Arial, serif;\"><span style=\"font-size: small;\"><u>COM DESACTIVAR LES COOKIES<\/u><\/span><\/span><\/p><p align=\"JUSTIFY\"><span style=\"font-family: Arial, serif;\"><span style=\"font-size: small;\">Per restringir o bloquejar les cookies que s\u00f3n emmagatzemades al dispositiu, podeu fer-ho canviant les opcions del vostre navegador. Les instruccions per als navegadors m\u00e9s comuns es poden trobar aqu\u00ed:<\/span><\/span><\/p><p align=\"JUSTIFY\"><span style=\"font-family: Arial, serif;\"><span style=\"font-size: small;\"><span lang=\"en-US\">Firefox: https:\/\/support.mozilla.org\/es\/kb\/Borrar%20cookies<\/span><\/span><\/span><\/p><p align=\"JUSTIFY\"><span style=\"font-family: Arial, serif;\"><span style=\"font-size: small;\"><span lang=\"en-US\">Chrome: https:\/\/support.google.com\/chrome\/answer\/95647?hl=es<\/span><\/span><\/span><\/p><p align=\"JUSTIFY\"><span style=\"font-family: Arial, serif;\"><span style=\"font-size: small;\"><span lang=\"en-US\">Internet Explorer: http:\/\/windows.microsoft.com\/es-xl\/internet-explorer\/delete-manage-cookies#ie=ie-11<\/span><\/span><\/span><\/p><p align=\"JUSTIFY\"><span style=\"font-family: Arial, serif;\"><span style=\"font-size: small;\">Per a altres navegadors o dispositius heu de consultar les opcions o l'ajuda proporcionada per cada aplicaci\u00f3.<\/span><\/span><\/p>\t\t\t\t\t\t\t\t<\/div>\n\t\t\t\t<\/div>\n\t\t\t\t\t<\/div>\n\t\t<\/div>\n\t\t\t\t\t<\/div>\n\t\t<\/section>\n\t\t\t\t<\/div>","protected":false},"excerpt":{"rendered":"<p>POL\u00cdTICA DE COOKIES \u00a0 Las cookies son breves informaciones que se env\u00edan y almacenan en el disco duro del ordenador del usuario a trav\u00e9s de su navegador cuando \u00e9ste se conecta a una web. Las cookies se pueden utilizar para obtener y almacenar datos del usuario mientras est\u00e1 conectado para facilitar los servicios solicitados y [&hellip;]<\/p>\n","protected":false},"author":6,"featured_media":0,"parent":0,"menu_order":0,"comment_status":"closed","ping_status":"closed","template":"elementor_header_footer","meta":{"site-sidebar-layout":"default","site-content-layout":"","ast-site-content-layout":"default","site-content-style":"default","site-sidebar-style":"default","ast-global-header-display":"","ast-banner-title-visibility":"","ast-main-header-display":"","ast-hfb-above-header-display":"","ast-hfb-below-header-display":"","ast-hfb-mobile-header-display":"","site-post-title":"","ast-breadcrumbs-content":"","ast-featured-img":"","footer-sml-layout":"","ast-disable-related-posts":"","theme-transparent-header-meta":"","adv-header-id-meta":"","stick-header-meta":"","header-above-stick-meta":"","header-main-stick-meta":"","header-below-stick-meta":"","astra-migrate-meta-layouts":"default","ast-page-background-enabled":"default","ast-page-background-meta":{"desktop":{"background-color":"","background-image":"","background-repeat":"repeat","background-position":"center center","background-size":"auto","background-attachment":"scroll","background-type":"","background-media":"","overlay-type":"","overlay-color":"","overlay-opacity":"","overlay-gradient":""},"tablet":{"background-color":"","background-image":"","background-repeat":"repeat","background-position":"center center","background-size":"auto","background-attachment":"scroll","background-type":"","background-media":"","overlay-type":"","overlay-color":"","overlay-opacity":"","overlay-gradient":""},"mobile":{"background-color":"","background-image":"","background-repeat":"repeat","background-position":"center center","background-size":"auto","background-attachment":"scroll","background-type":"","background-media":"","overlay-type":"","overlay-color":"","overlay-opacity":"","overlay-gradient":""}},"ast-content-background-meta":{"desktop":{"background-color":"var(--ast-global-color-5)","background-image":"","background-repeat":"repeat","background-position":"center center","background-size":"auto","background-attachment":"scroll","background-type":"","background-media":"","overlay-type":"","overlay-color":"","overlay-opacity":"","overlay-gradient":""},"tablet":{"background-color":"var(--ast-global-color-5)","background-image":"","background-repeat":"repeat","background-position":"center center","background-size":"auto","background-attachment":"scroll","background-type":"","background-media":"","overlay-type":"","overlay-color":"","overlay-opacity":"","overlay-gradient":""},"mobile":{"background-color":"var(--ast-global-color-5)","background-image":"","background-repeat":"repeat","background-position":"center center","background-size":"auto","background-attachment":"scroll","background-type":"","background-media":"","overlay-type":"","overlay-color":"","overlay-opacity":"","overlay-gradient":""}},"footnotes":""},"class_list":["post-15","page","type-page","status-publish","hentry"],"meta_box":[],"_links":{"self":[{"href":"https:\/\/cmrgroup.es\/ca\/wp-json\/wp\/v2\/pages\/15","targetHints":{"allow":["GET"]}}],"collection":[{"href":"https:\/\/cmrgroup.es\/ca\/wp-json\/wp\/v2\/pages"}],"about":[{"href":"https:\/\/cmrgroup.es\/ca\/wp-json\/wp\/v2\/types\/page"}],"author":[{"embeddable":true,"href":"https:\/\/cmrgroup.es\/ca\/wp-json\/wp\/v2\/users\/6"}],"replies":[{"embeddable":true,"href":"https:\/\/cmrgroup.es\/ca\/wp-json\/wp\/v2\/comments?post=15"}],"version-history":[{"count":4,"href":"https:\/\/cmrgroup.es\/ca\/wp-json\/wp\/v2\/pages\/15\/revisions"}],"predecessor-version":[{"id":4118,"href":"https:\/\/cmrgroup.es\/ca\/wp-json\/wp\/v2\/pages\/15\/revisions\/4118"}],"wp:attachment":[{"href":"https:\/\/cmrgroup.es\/ca\/wp-json\/wp\/v2\/media?parent=15"}],"curies":[{"name":"wp","href":"https:\/\/api.w.org\/{rel}","templated":true}]}}