{"id":15,"date":"2021-06-14T16:22:36","date_gmt":"2021-06-14T14:22:36","guid":{"rendered":"http:\/\/cmrgroup.es\/politica-de-cookies-ue"},"modified":"2021-12-24T11:39:19","modified_gmt":"2021-12-24T10:39:19","slug":"politica-de-cookies-ue","status":"publish","type":"page","link":"https:\/\/cmrgroup.es\/en\/politica-de-cookies-ue","title":{"rendered":"Pol\u00edtica de cookies (UE)"},"content":{"rendered":"<div data-elementor-type=\"wp-page\" data-elementor-id=\"15\" class=\"elementor elementor-15\" data-elementor-post-type=\"page\">\n\t\t\t\t\t\t<section class=\"elementor-section elementor-top-section elementor-element elementor-element-609e3033 elementor-section-boxed elementor-section-height-default elementor-section-height-default\" data-id=\"609e3033\" data-element_type=\"section\" data-e-type=\"section\">\n\t\t\t\t\t\t<div class=\"elementor-container elementor-column-gap-default\">\n\t\t\t\t\t<div class=\"elementor-column elementor-col-100 elementor-top-column elementor-element elementor-element-193ebae2\" data-id=\"193ebae2\" data-element_type=\"column\" data-e-type=\"column\">\n\t\t\t<div class=\"elementor-widget-wrap elementor-element-populated\">\n\t\t\t\t\t\t<div class=\"elementor-element elementor-element-b778c10 elementor-widget elementor-widget-text-editor\" data-id=\"b778c10\" data-element_type=\"widget\" data-e-type=\"widget\" data-widget_type=\"text-editor.default\">\n\t\t\t\t<div class=\"elementor-widget-container\">\n\t\t\t\t\t\t\t\t\t<h2>COOKIES POLICY<\/h2><p>\u00a0<\/p><p align=\"JUSTIFY\"><span style=\"font-family: Arial, serif;\"><span style=\"font-size: small;\">Cookies are brief pieces of information that are sent and stored on the hard drive of the user's computer through their browser when they connect to a website.<\/span><\/span><\/p><p align=\"JUSTIFY\"><span style=\"font-family: Arial, serif;\"><span style=\"font-size: small;\">Cookies can be used to obtain and store user data while connected to facilitate the requested services and that are not usually kept (session cookies), or to keep user data for other types of future services and that can be kept indefinitely (persistent cookies). Cookies can be own or third party.<\/span><\/span><\/p><p align=\"JUSTIFY\"><span style=\"font-family: Arial, serif;\"><span style=\"font-size: small;\">CMR GROUP MARTI-INGLADA, S.L. In accordance with the provisions of article 22.2 of Law 34\/2002, of July 11, on services of the information society and electronic commerce, informs you that this website uses its own and third-party cookies to improve navigation, collect anonymous information about visits using Google Analytics and to integrate content from other services such as Whatsapp, etc. Cookies are files that can be downloaded to your device while you browse and that provide information about preferences and browsing habits to improve your user experience. If you want to know more about the use of cookies, consult the Guide on the use of cookies published by the Spanish Agency for Data Protection.<\/span><\/span><\/p><p align=\"JUSTIFY\"><span style=\"font-family: Arial, serif;\"><span style=\"font-size: small;\"><u>There are several types of cookies:<\/u><\/span><\/span><\/p><p align=\"JUSTIFY\"><span style=\"font-family: Arial, serif;\"><span style=\"font-size: small;\"><b>Technical cookies<\/b><\/span><\/span><span style=\"font-family: Arial, serif;\"><span style=\"font-size: small;\"> that facilitate user navigation and the use of the different options or services offered by the web such as identifying the session, allowing access to certain areas, facilitating orders, purchases, filling in forms, registrations, security, facilitating functionalities (videos, networks social, etc.).<\/span><\/span><\/p><p align=\"JUSTIFY\"><span style=\"font-family: Arial, serif;\"><span style=\"font-size: small;\"><b>Personalization cookies<\/b><\/span><\/span><span style=\"font-family: Arial, serif;\"><span style=\"font-size: small;\"> that allow the user to access the services according to their preferences (language, browser, configuration, etc\u2026).<\/span><\/span><\/p><p align=\"JUSTIFY\"><span style=\"font-family: Arial, serif;\"><span style=\"font-size: small;\"><b>Analysis cookies<\/b><\/span><\/span><span style=\"font-family: Arial, serif;\"><span style=\"font-size: small;\"> that allow the anonymous analysis of the behavior of web users and that allow user activity to be measured and browsing profiles to be created with the objective of improving the websites.<\/span><\/span><\/p><p align=\"JUSTIFY\"><span style=\"font-family: Arial, serif;\"><span style=\"font-size: small;\"><b>Advertising cookies<\/b><\/span><\/span><span style=\"font-family: Arial, serif;\"><span style=\"font-size: small;\"> that allow the management of advertising spaces on the web.<\/span><\/span><\/p><p align=\"JUSTIFY\"><span style=\"font-family: Arial, serif;\"><span style=\"font-size: small;\"><b>Personalized advertising cookies<\/b><\/span><\/span><span style=\"font-family: Arial, serif;\"><span style=\"font-size: small;\"> that allow the management of the advertising spaces of the web based on the user's behavior and browsing habits, from which they obtain their profile and this fact allows them to personalize the advertising that is displayed in the user's browser.<\/span><\/span><\/p><p align=\"JUSTIFY\"><span style=\"font-family: Arial, serif;\"><span style=\"font-size: small;\">CMR GROUP MARTI-INGLADA, S.L. only uses technical, personalization and analysis cookies, its own and those of third parties, which in no case process personal data or capture browsing habits for advertising purposes.<\/span><\/span><\/p><p align=\"JUSTIFY\"><span style=\"font-family: Arial, serif;\"><span style=\"font-size: small;\">If you do not wish to accept the use of the aforementioned technologies, we strongly request that you leave the page and deactivate\/delete the use of cookies in the configuration of your navigation program, in accordance with the instructions of the manufacturer of the same. If, after acceptance, you wish to revoke the consent given, proceed to delete the cookies stored in your system in accordance with the instructions of the manufacturer of the navigation program.<\/span><\/span><\/p><p align=\"JUSTIFY\"><span style=\"font-family: Arial, serif;\"><span style=\"font-size: small;\"><u>HOW TO DISABLE COOKIES<\/u><\/span><\/span><\/p><p align=\"JUSTIFY\"><span style=\"font-family: Arial, serif;\"><span style=\"font-size: small;\">To restrict or block the cookies that are stored on your device, you can do so by changing your browser options. Instructions for the most common browsers can be found here:<\/span><\/span><\/p><p align=\"JUSTIFY\"><span style=\"font-family: Arial, serif;\"><span style=\"font-size: small;\"><span lang=\"en-US\">Firefox: https:\/\/support.mozilla.org\/es\/kb\/Borrar%20cookies<\/span><\/span><\/span><\/p><p align=\"JUSTIFY\"><span style=\"font-family: Arial, serif;\"><span style=\"font-size: small;\"><span lang=\"en-US\">Chrome: https:\/\/support.google.com\/chrome\/answer\/95647?hl=es<\/span><\/span><\/span><\/p><p align=\"JUSTIFY\"><span style=\"font-family: Arial, serif;\"><span style=\"font-size: small;\"><span lang=\"en-US\">Internet Explorer: http:\/\/windows.microsoft.com\/es-xl\/internet-explorer\/delete-manage-cookies#ie=ie-11<\/span><\/span><\/span><\/p><p align=\"JUSTIFY\"><span style=\"font-family: Arial, serif;\"><span style=\"font-size: small;\">For other browsers or devices you should consult the options or the help provided by each application.<\/span><\/span><\/p>\t\t\t\t\t\t\t\t<\/div>\n\t\t\t\t<\/div>\n\t\t\t\t\t<\/div>\n\t\t<\/div>\n\t\t\t\t\t<\/div>\n\t\t<\/section>\n\t\t\t\t<\/div>","protected":false},"excerpt":{"rendered":"<p>POL\u00cdTICA DE COOKIES \u00a0 Las cookies son breves informaciones que se env\u00edan y almacenan en el disco duro del ordenador del usuario a trav\u00e9s de su navegador cuando \u00e9ste se conecta a una web. Las cookies se pueden utilizar para obtener y almacenar datos del usuario mientras est\u00e1 conectado para facilitar los servicios solicitados y [&hellip;]<\/p>\n","protected":false},"author":6,"featured_media":0,"parent":0,"menu_order":0,"comment_status":"closed","ping_status":"closed","template":"elementor_header_footer","meta":{"site-sidebar-layout":"default","site-content-layout":"","ast-site-content-layout":"default","site-content-style":"default","site-sidebar-style":"default","ast-global-header-display":"","ast-banner-title-visibility":"","ast-main-header-display":"","ast-hfb-above-header-display":"","ast-hfb-below-header-display":"","ast-hfb-mobile-header-display":"","site-post-title":"","ast-breadcrumbs-content":"","ast-featured-img":"","footer-sml-layout":"","ast-disable-related-posts":"","theme-transparent-header-meta":"","adv-header-id-meta":"","stick-header-meta":"","header-above-stick-meta":"","header-main-stick-meta":"","header-below-stick-meta":"","astra-migrate-meta-layouts":"default","ast-page-background-enabled":"default","ast-page-background-meta":{"desktop":{"background-color":"","background-image":"","background-repeat":"repeat","background-position":"center center","background-size":"auto","background-attachment":"scroll","background-type":"","background-media":"","overlay-type":"","overlay-color":"","overlay-opacity":"","overlay-gradient":""},"tablet":{"background-color":"","background-image":"","background-repeat":"repeat","background-position":"center center","background-size":"auto","background-attachment":"scroll","background-type":"","background-media":"","overlay-type":"","overlay-color":"","overlay-opacity":"","overlay-gradient":""},"mobile":{"background-color":"","background-image":"","background-repeat":"repeat","background-position":"center center","background-size":"auto","background-attachment":"scroll","background-type":"","background-media":"","overlay-type":"","overlay-color":"","overlay-opacity":"","overlay-gradient":""}},"ast-content-background-meta":{"desktop":{"background-color":"var(--ast-global-color-5)","background-image":"","background-repeat":"repeat","background-position":"center center","background-size":"auto","background-attachment":"scroll","background-type":"","background-media":"","overlay-type":"","overlay-color":"","overlay-opacity":"","overlay-gradient":""},"tablet":{"background-color":"var(--ast-global-color-5)","background-image":"","background-repeat":"repeat","background-position":"center center","background-size":"auto","background-attachment":"scroll","background-type":"","background-media":"","overlay-type":"","overlay-color":"","overlay-opacity":"","overlay-gradient":""},"mobile":{"background-color":"var(--ast-global-color-5)","background-image":"","background-repeat":"repeat","background-position":"center center","background-size":"auto","background-attachment":"scroll","background-type":"","background-media":"","overlay-type":"","overlay-color":"","overlay-opacity":"","overlay-gradient":""}},"footnotes":""},"class_list":["post-15","page","type-page","status-publish","hentry"],"meta_box":[],"_links":{"self":[{"href":"https:\/\/cmrgroup.es\/en\/wp-json\/wp\/v2\/pages\/15","targetHints":{"allow":["GET"]}}],"collection":[{"href":"https:\/\/cmrgroup.es\/en\/wp-json\/wp\/v2\/pages"}],"about":[{"href":"https:\/\/cmrgroup.es\/en\/wp-json\/wp\/v2\/types\/page"}],"author":[{"embeddable":true,"href":"https:\/\/cmrgroup.es\/en\/wp-json\/wp\/v2\/users\/6"}],"replies":[{"embeddable":true,"href":"https:\/\/cmrgroup.es\/en\/wp-json\/wp\/v2\/comments?post=15"}],"version-history":[{"count":4,"href":"https:\/\/cmrgroup.es\/en\/wp-json\/wp\/v2\/pages\/15\/revisions"}],"predecessor-version":[{"id":4118,"href":"https:\/\/cmrgroup.es\/en\/wp-json\/wp\/v2\/pages\/15\/revisions\/4118"}],"wp:attachment":[{"href":"https:\/\/cmrgroup.es\/en\/wp-json\/wp\/v2\/media?parent=15"}],"curies":[{"name":"wp","href":"https:\/\/api.w.org\/{rel}","templated":true}]}}