{"id":11,"date":"2021-06-14T16:08:26","date_gmt":"2021-06-14T14:08:26","guid":{"rendered":"http:\/\/cmrgroup.es\/?page_id=11"},"modified":"2021-12-24T11:36:24","modified_gmt":"2021-12-24T10:36:24","slug":"politica-de-privacidad","status":"publish","type":"page","link":"https:\/\/cmrgroup.es\/fr\/politica-de-privacidad","title":{"rendered":"POLITIQUE DE CONFIDENTIALIT\u00c9"},"content":{"rendered":"<div data-elementor-type=\"wp-page\" data-elementor-id=\"11\" class=\"elementor elementor-11\" data-elementor-post-type=\"page\">\n\t\t\t\t\t\t<section class=\"elementor-section elementor-top-section elementor-element elementor-element-3ef76458 elementor-section-boxed elementor-section-height-default elementor-section-height-default\" data-id=\"3ef76458\" data-element_type=\"section\" data-e-type=\"section\">\n\t\t\t\t\t\t<div class=\"elementor-container elementor-column-gap-default\">\n\t\t\t\t\t<div class=\"elementor-column elementor-col-100 elementor-top-column elementor-element elementor-element-392bffa1\" data-id=\"392bffa1\" data-element_type=\"column\" data-e-type=\"column\">\n\t\t\t<div class=\"elementor-widget-wrap elementor-element-populated\">\n\t\t\t\t\t\t<div class=\"elementor-element elementor-element-57ccc1a3 elementor-widget elementor-widget-text-editor\" data-id=\"57ccc1a3\" data-element_type=\"widget\" data-e-type=\"widget\" data-widget_type=\"text-editor.default\">\n\t\t\t\t<div class=\"elementor-widget-container\">\n\t\t\t\t\t\t\t\t\t<h2>POLITIQUE DE CONFIDENTIALIT\u00c9<\/h2>\n<h2 align=\"JUSTIFY\">\u00a0<\/h2>\n<p align=\"JUSTIFY\"><span style=\"font-family: Arial, serif;\"><span style=\"font-size: small;\">GROUPE CMR MARTI-INGLADA, S.L. en tant que propri\u00e9taire du site Web que vous visitez, expose dans cette section la politique de confidentialit\u00e9 en vigueur et les informations personnelles que l'utilisateur peut fournir lors de la visite ou de la navigation sur le site Web de notre propri\u00e9t\u00e9.<\/span><\/span><\/p>\n<p align=\"JUSTIFY\"><span style=\"font-family: Arial, serif;\"><span style=\"font-size: small;\">Dans le traitement des donn\u00e9es personnelles, CMR GROUP MARTI-INGLADA, S.L. garantit le respect de la loi organique 15\/1999, du 13 d\u00e9cembre, sur la protection des donn\u00e9es personnelles et son r\u00e8glement de d\u00e9veloppement, le d\u00e9cret royal 1720\/2007, du 21 d\u00e9cembre, qui approuve son r\u00e8glement, ainsi que la LSSICE 34\/2002, de juillet 11, sur la soci\u00e9t\u00e9 de l'information et le commerce \u00e9lectronique. Par cons\u00e9quent, il informe tous les utilisateurs que les donn\u00e9es envoy\u00e9es ou fournies via ce document seront incorpor\u00e9es dans un fichier automatis\u00e9 d\u00fbment enregistr\u00e9 aupr\u00e8s de l'Agence espagnole de protection des donn\u00e9es.<\/span><\/span><\/p>\n<p align=\"JUSTIFY\"><span style=\"font-family: Arial, serif;\"><span style=\"font-size: small;\">CMR GROUP MARTI-INGLADA, S.L. se r\u00e9serve le droit de modifier \u00e0 tout moment la pr\u00e9sente Politique de Protection des Donn\u00e9es, afin de l'adapter aux nouvelles l\u00e9gislations ou \u00e0 l'\u00e9volution de ses activit\u00e9s, celle publi\u00e9e sur notre site \u00e9tant en vigueur \u00e0 tout moment.<\/span><\/span><\/p>\n<p align=\"JUSTIFY\"><span style=\"font-family: Arial, serif;\"><span style=\"font-size: small;\"><u>QUALIT\u00c9 ET OBJECTIF<\/u><\/span><\/span><\/p>\n<p align=\"JUSTIFY\"><span style=\"font-family: Arial, serif;\"><span style=\"font-size: small;\">En \"cliquant\" sur le bouton \"Envoyer\" (ou \u00e9quivalent) int\u00e9gr\u00e9 \u00e0 nos formulaires, l'utilisateur d\u00e9clare que les informations et donn\u00e9es qui y sont fournies sont exactes et v\u00e9ridiques. Afin que les informations fournies soient toujours \u00e0 jour et ne contiennent pas d'erreurs, l'Utilisateur doit communiquer, dans les meilleurs d\u00e9lais, les modifications de ses donn\u00e9es personnelles qui sont produites, ainsi que les rectifications de donn\u00e9es erron\u00e9es au cas o\u00f9 il en d\u00e9tecterait. L'utilisateur garantit que les donn\u00e9es fournies sont v\u00e9ridiques, exactes, compl\u00e8tes et \u00e0 jour, \u00e9tant responsable de tout dommage ou perte, direct ou indirect, pouvant r\u00e9sulter du non-respect de cette obligation. Selon le formulaire ou la rubrique auquel vous acc\u00e9dez, et selon les informations que vous nous fournissez, elles seront utilis\u00e9es pour les finalit\u00e9s d\u00e9crites ci-dessous, pour lesquelles vous acceptez express\u00e9ment, librement et sans \u00e9quivoque le traitement de vos donn\u00e9es conform\u00e9ment aux finalit\u00e9s suivantes:<\/span><\/span><\/p>\n<p align=\"JUSTIFY\"><span style=\"font-family: Arial, serif;\"><span style=\"font-size: small;\">Ceux qui sont particuli\u00e8rement indiqu\u00e9s dans chacune des pages ou sections o\u00f9 appara\u00eet le formulaire d'inscription ou de contact \u00e9lectronique.<\/span><\/span><\/p>\n<p align=\"JUSTIFY\"><span style=\"font-family: Arial, serif;\"><span style=\"font-size: small;\">En g\u00e9n\u00e9ral, pour r\u00e9pondre \u00e0 vos demandes, commentaires, requ\u00eates ou tout type de demande formul\u00e9e par l'utilisateur via l'un des formulaires de contact que nous mettons \u00e0 votre disposition. <\/span><\/span><\/p>\n<p align=\"JUSTIFY\"><span style=\"font-family: Arial, serif;\"><span style=\"font-size: small;\"><u>DONN\u00c9ES DE TIERS<\/u><\/span><\/span><\/p>\n<p align=\"JUSTIFY\"><span style=\"font-family: Arial, serif;\"><span style=\"font-size: small;\">Dans le cas o\u00f9 vous nous fournissez des donn\u00e9es personnelles de tiers, conform\u00e9ment aux dispositions de l'article 5.4. LOPD, d\u00e9clare avoir inform\u00e9 pr\u00e9alablement lesdites personnes du contenu des donn\u00e9es fournies, de leur origine, de l'existence et de la finalit\u00e9 du fichier o\u00f9 se trouvent leurs donn\u00e9es, des destinataires desdites informations, de la possibilit\u00e9 d'exercer les droits d'acc\u00e8s, de rectification , annulation ou opposition, ainsi que les donn\u00e9es d'identification de CMR GROUP MARTI-INGLADA, SL En ce sens, il est de votre responsabilit\u00e9 exclusive d'informer les tiers dont vous allez nous transf\u00e9rer les donn\u00e9es de telles circonstances, sans pr\u00e9sumer que CMR GROUP MARTI-INGLADA, S.L. aucune responsabilit\u00e9 pour la violation de ce pr\u00e9cepte par l'utilisateur.<\/span><\/span><\/p>\n<p align=\"JUSTIFY\"><span style=\"font-family: Arial, serif;\"><span style=\"font-size: small;\"><u>EXERCICE DES DROITS<\/u><\/span><\/span><\/p>\n<p align=\"JUSTIFY\"><span style=\"font-family: Arial, serif;\"><span style=\"font-size: small;\">Le propri\u00e9taire des donn\u00e9es peut exercer ses droits d'acc\u00e8s, de rectification, d'annulation et d'opposition en contactant les moyens de contact de CMR GROUP MARTI-INGLADA, S.L. Cette demande doit contenir les donn\u00e9es suivantes\u00a0: nom et pr\u00e9nom, adresse \u00e0 des fins de notification, photocopie de la pi\u00e8ce d'identit\u00e9 nationale et\/ou du passeport.<\/span><\/span><\/p>\n<p align=\"JUSTIFY\"><span style=\"font-family: Arial, serif;\"><span style=\"font-size: small;\"><u>MESURE DE S\u00c9CURIT\u00c9<\/u><\/span><\/span><\/p>\n<p align=\"JUSTIFY\"><span style=\"font-family: Arial, serif;\"><span style=\"font-size: small;\">CMR GROUP MARTI-INGLADA, S.L. a adopt\u00e9 toutes les mesures techniques et organisationnelles n\u00e9cessaires pour garantir la s\u00e9curit\u00e9 et l'int\u00e9grit\u00e9 des donn\u00e9es personnelles qu'il traite, ainsi que pour emp\u00eacher leur perte, alt\u00e9ration et\/ou acc\u00e8s par des tiers non autoris\u00e9s. Nonobstant ce qui pr\u00e9c\u00e8de, l'utilisateur reconna\u00eet et accepte que les mesures de s\u00e9curit\u00e9 sur Internet ne sont pas imprenables.<\/span><\/span><\/p>\t\t\t\t\t\t\t\t<\/div>\n\t\t\t\t<\/div>\n\t\t\t\t\t<\/div>\n\t\t<\/div>\n\t\t\t\t\t<\/div>\n\t\t<\/section>\n\t\t\t\t<\/div>","protected":false},"excerpt":{"rendered":"<p>POL\u00cdTICA DE PRIVACIDAD \u00a0 CMR GROUP MARTI-INGLADA, S.L. como titular del sitio web que Usted visita, expone en este apartado la Pol\u00edtica de Privacidad en el uso, y sobre la informaci\u00f3n de car\u00e1cter personal que el usuario puede facilitar cuando visite o navegue por la p\u00e1gina web de nuestra titularidad. En el tratamiento de datos [&hellip;]<\/p>\n","protected":false},"author":6,"featured_media":0,"parent":0,"menu_order":0,"comment_status":"closed","ping_status":"closed","template":"elementor_header_footer","meta":{"site-sidebar-layout":"default","site-content-layout":"default","ast-site-content-layout":"default","site-content-style":"default","site-sidebar-style":"default","ast-global-header-display":"","ast-banner-title-visibility":"","ast-main-header-display":"","ast-hfb-above-header-display":"","ast-hfb-below-header-display":"","ast-hfb-mobile-header-display":"","site-post-title":"","ast-breadcrumbs-content":"","ast-featured-img":"","footer-sml-layout":"","ast-disable-related-posts":"","theme-transparent-header-meta":"default","adv-header-id-meta":"","stick-header-meta":"","header-above-stick-meta":"","header-main-stick-meta":"","header-below-stick-meta":"","astra-migrate-meta-layouts":"default","ast-page-background-enabled":"default","ast-page-background-meta":{"desktop":{"background-color":"","background-image":"","background-repeat":"repeat","background-position":"center center","background-size":"auto","background-attachment":"scroll","background-type":"","background-media":"","overlay-type":"","overlay-color":"","overlay-opacity":"","overlay-gradient":""},"tablet":{"background-color":"","background-image":"","background-repeat":"repeat","background-position":"center center","background-size":"auto","background-attachment":"scroll","background-type":"","background-media":"","overlay-type":"","overlay-color":"","overlay-opacity":"","overlay-gradient":""},"mobile":{"background-color":"","background-image":"","background-repeat":"repeat","background-position":"center center","background-size":"auto","background-attachment":"scroll","background-type":"","background-media":"","overlay-type":"","overlay-color":"","overlay-opacity":"","overlay-gradient":""}},"ast-content-background-meta":{"desktop":{"background-color":"var(--ast-global-color-5)","background-image":"","background-repeat":"repeat","background-position":"center center","background-size":"auto","background-attachment":"scroll","background-type":"","background-media":"","overlay-type":"","overlay-color":"","overlay-opacity":"","overlay-gradient":""},"tablet":{"background-color":"var(--ast-global-color-5)","background-image":"","background-repeat":"repeat","background-position":"center center","background-size":"auto","background-attachment":"scroll","background-type":"","background-media":"","overlay-type":"","overlay-color":"","overlay-opacity":"","overlay-gradient":""},"mobile":{"background-color":"var(--ast-global-color-5)","background-image":"","background-repeat":"repeat","background-position":"center center","background-size":"auto","background-attachment":"scroll","background-type":"","background-media":"","overlay-type":"","overlay-color":"","overlay-opacity":"","overlay-gradient":""}},"footnotes":""},"class_list":["post-11","page","type-page","status-publish","hentry"],"meta_box":[],"_links":{"self":[{"href":"https:\/\/cmrgroup.es\/fr\/wp-json\/wp\/v2\/pages\/11","targetHints":{"allow":["GET"]}}],"collection":[{"href":"https:\/\/cmrgroup.es\/fr\/wp-json\/wp\/v2\/pages"}],"about":[{"href":"https:\/\/cmrgroup.es\/fr\/wp-json\/wp\/v2\/types\/page"}],"author":[{"embeddable":true,"href":"https:\/\/cmrgroup.es\/fr\/wp-json\/wp\/v2\/users\/6"}],"replies":[{"embeddable":true,"href":"https:\/\/cmrgroup.es\/fr\/wp-json\/wp\/v2\/comments?post=11"}],"version-history":[{"count":7,"href":"https:\/\/cmrgroup.es\/fr\/wp-json\/wp\/v2\/pages\/11\/revisions"}],"predecessor-version":[{"id":4114,"href":"https:\/\/cmrgroup.es\/fr\/wp-json\/wp\/v2\/pages\/11\/revisions\/4114"}],"wp:attachment":[{"href":"https:\/\/cmrgroup.es\/fr\/wp-json\/wp\/v2\/media?parent=11"}],"curies":[{"name":"wp","href":"https:\/\/api.w.org\/{rel}","templated":true}]}}