{"id":13,"date":"2021-06-14T16:17:31","date_gmt":"2021-06-14T14:17:31","guid":{"rendered":"http:\/\/cmrgroup.es\/?page_id=13"},"modified":"2021-12-24T11:32:06","modified_gmt":"2021-12-24T10:32:06","slug":"aviso-legal","status":"publish","type":"page","link":"https:\/\/cmrgroup.es\/fr\/aviso-legal","title":{"rendered":"AVIS JURIDIQUE"},"content":{"rendered":"<div data-elementor-type=\"wp-page\" data-elementor-id=\"13\" class=\"elementor elementor-13\" data-elementor-post-type=\"page\">\n\t\t\t\t\t\t<section class=\"elementor-section elementor-top-section elementor-element elementor-element-50766539 elementor-section-boxed elementor-section-height-default elementor-section-height-default\" data-id=\"50766539\" data-element_type=\"section\" data-e-type=\"section\">\n\t\t\t\t\t\t<div class=\"elementor-container elementor-column-gap-default\">\n\t\t\t\t\t<div class=\"elementor-column elementor-col-100 elementor-top-column elementor-element elementor-element-7784074\" data-id=\"7784074\" data-element_type=\"column\" data-e-type=\"column\">\n\t\t\t<div class=\"elementor-widget-wrap elementor-element-populated\">\n\t\t\t\t\t\t<div class=\"elementor-element elementor-element-71933815 elementor-widget elementor-widget-text-editor\" data-id=\"71933815\" data-element_type=\"widget\" data-e-type=\"widget\" data-widget_type=\"text-editor.default\">\n\t\t\t\t<div class=\"elementor-widget-container\">\n\t\t\t\t\t\t\t\t\t\n<h2>AVIS JURIDIQUE<\/h2>\n<h4><br \/>OBJET<\/h4>\n<p align=\"JUSTIFY\"><a name=\"Bookmark\"><\/a><span style=\"font-family: Arial, serif;\"><span style=\"font-size: small;\">Cet AVIS JURIDIQUE r\u00e9git les droits et obligations de CMR GROUP MARTI-INGLADA, S.L. et des utilisateurs en ce qui concerne l'acc\u00e8s, la navigation et l'utilisation de ce site Web sans pr\u00e9judice du fait que CMR GROUP MARTI-INGLADA, S.L. se r\u00e9serve le droit de modifier, sans pr\u00e9avis, son contenu, \u00e9tant en vigueur ceux qui sont publi\u00e9s au moment de la navigation.<\/span><\/span><\/p>\n<p align=\"JUSTIFY\"><span style=\"font-family: Arial, serif;\"><span style=\"font-size: small;\">En naviguant, visualisant et utilisant ce site Web, vous acqu\u00e9rez le statut d'utilisateur, et implique donc votre acceptation expresse de toutes les clauses que nous indiquons dans le pr\u00e9sent avis juridique, ainsi que le reste des avertissements ou clauses sp\u00e9cifiques qui sont \u00e9tablis dans les diff\u00e9rents sections pour la passation de contrats, l'utilisation de services, de produits, d'enregistrements ou de sections de la Page.<\/span><\/span><\/p>\n<p align=\"JUSTIFY\"><span style=\"font-family: Arial, serif;\"><span style=\"font-size: small;\">Par cons\u00e9quent, si vous n'acceptez pas les clauses \u00e9tablies dans le pr\u00e9sent avis juridique, vous devez vous abstenir d'acc\u00e9der et\/ou d'utiliser les services et\/ou le contenu mis \u00e0 votre disposition sur la page, en proc\u00e9dant \u00e0 son abandon.<\/span><\/span><\/p>\n<p align=\"JUSTIFY\"><span style=\"font-family: Arial, serif;\"><span style=\"font-size: small;\">GROUPE CMR MARTI-INGLADA, S.L. peut r\u00e9silier, suspendre ou interrompre, \u00e0 tout moment et sans pr\u00e9avis, l'acc\u00e8s au contenu de la page, sans possibilit\u00e9 pour l'Utilisateur d'exiger une quelconque indemnit\u00e9.<\/span><\/span><\/p>\n<p align=\"JUSTIFY\"><span style=\"font-family: Arial, serif;\"><span style=\"font-size: small;\"><u>PROPRI\u00c9T\u00c9 INTELLECTUELLE ET INDUSTRIELLE<\/u><\/span><\/span><\/p>\n<p align=\"JUSTIFY\"><span style=\"font-family: Arial, serif;\"><span style=\"font-size: small;\">L'int\u00e9gralit\u00e9 de cette Page: textes, images, marques, graphiques, logos, boutons, fichiers logiciels, combinaisons de couleurs, ainsi que la structure, la s\u00e9lection, l'arrangement et la pr\u00e9sentation de son contenu, est prot\u00e9g\u00e9e par les lois sur la Propri\u00e9t\u00e9 Intellectuelle et Industrielle, \u00e9tant interdit sa reproduction, distribution, communication publique et transformation, sauf pour un usage personnel et priv\u00e9.<\/span><\/span><\/p>\n<p align=\"JUSTIFY\"><span style=\"font-family: Arial, serif;\"><span style=\"font-size: small;\">De m\u00eame, la reproduction, la retransmission, la copie, la cession ou la retransmission, en tout ou en partie, des informations contenues sur la Page, quelle que soit leur finalit\u00e9 et les moyens utilis\u00e9s, sans l'autorisation pr\u00e9alable de CMR GROUP MARTI-INGLADA, S.L.<\/span><\/span><\/p>\n<p align=\"JUSTIFY\"><span style=\"font-family: Arial, serif;\"><span style=\"font-size: small;\"><u>L\u00c9GISLATION<\/u><\/span><\/span><\/p>\n<p align=\"JUSTIFY\"><span style=\"font-family: Arial, serif;\"><span style=\"font-size: small;\">Les activit\u00e9s, produits et services inclus sur ce site sont destin\u00e9s aux consommateurs r\u00e9sidant en Espagne. Pour toute question pouvant survenir concernant lesdits contenus, activit\u00e9s, produits et services, la l\u00e9gislation espagnole s'appliquera, les tribunaux espagnols \u00e9tant \u00e9galement comp\u00e9tents, se soumettant express\u00e9ment \u00e0 la comp\u00e9tence des tribunaux de Madrid.<\/span><\/span><\/p>\n<p align=\"JUSTIFY\"><span style=\"font-family: Arial, serif;\"><span style=\"font-size: small;\"><u>TRAITEMENT DES DONN\u00c9ES PERSONNELLES<\/u><\/span><\/span><\/p>\n<p align=\"JUSTIFY\"><span style=\"font-family: Arial, serif;\"><span style=\"font-size: small;\">Conform\u00e9ment aux dispositions de la loi organique 15\/1999 du 13 d\u00e9cembre sur la protection des donn\u00e9es personnelles, le client\/utilisateur est inform\u00e9 de l'incorporation de ses donn\u00e9es personnelles dans les fichiers automatis\u00e9s existants chez CMR GROUP MARTI-INGLADA, SL, autorisant ce dernier \u00e0 traiter les donn\u00e9es auxquelles il a acc\u00e8s \u00e0 la suite de la navigation sur les pages Internet, de la consultation, de la demande ou de la souscription de tout service ou produit, ou de toute transaction ou op\u00e9ration effectu\u00e9e, \u00e0 des fins d'Offre ou de publicit\u00e9 et communications promotionnelles et contrats d'autres produits et services de CMR Fruits, et afin d'adapter les offres commerciales au profil particulier de l'utilisateur\/client, \u00e9tant ses destinataires les services commerciaux et techniques de CMR GROUP MARTI-INGLADA, SL<\/span><\/span><\/p>\n<p align=\"JUSTIFY\"><span style=\"font-family: Arial, serif;\"><span style=\"font-size: small;\">En particulier, le client\/utilisateur autorise CMR GROUP MARTI-INGLADA, S.L. envoyer des offres ou des communications publicitaires et promotionnelles par voie \u00e9lectronique \u00e0 votre adresse e-mail ou par un autre moyen de communication \u00e9lectronique \u00e9quivalent.<\/span><\/span><\/p>\n<p align=\"JUSTIFY\"><span style=\"font-family: Arial, serif;\"><span style=\"font-size: small;\">Le client\/utilisateur a le droit de s'opposer au traitement de l'une quelconque de ses donn\u00e9es.<\/span><\/span><\/p>\n<p align=\"JUSTIFY\"><span style=\"font-family: Arial, serif;\"><span style=\"font-size: small;\">L'utilisateur\/client peut \u00e0 tout moment exercer son droit d'acc\u00e8s, de rectification, d'annulation et d'opposition \u00e0 ses donn\u00e9es, et r\u00e9voquer l'autorisation accord\u00e9e \u00e0 CMR GROUP MARTI-INGLADA, S.L. envoyer par voie \u00e9lectronique des offres ou des communications publicitaires et promotionnelles, en le notifiant en envoyant un e-mail \u00e0 l'adresse e-mail cmr@cmrfruits.com<\/span><\/span><\/p>\n<p align=\"JUSTIFY\"><span style=\"font-family: Arial, serif;\"><span style=\"font-size: small;\">Le client\/utilisateur accepte que ses donn\u00e9es puissent \u00eatre transf\u00e9r\u00e9es exclusivement aux fins indiqu\u00e9es ci-dessus, \u00e0 d'autres entit\u00e9s du Groupe CMR, de la mani\u00e8re et avec les limites de la loi organique 15\/1999, du 13 d\u00e9cembre, sur la protection des donn\u00e9es \u00e0 caract\u00e8re personnel. .<\/span><\/span><\/p>\n<p align=\"JUSTIFY\"><span style=\"font-family: Arial, serif;\"><span style=\"font-size: small;\"><u>LIMITATION DE RESPONSABILIT\u00c9<\/u><\/span><\/span><\/p>\n<p align=\"JUSTIFY\"><span style=\"font-family: Arial, serif;\"><span style=\"font-size: small;\">CMR GROUP MARTI-INGLADA, S.L. ne garantit pas que l'acc\u00e8s au site Web sera ininterrompu ou sans erreur; il n'est pas non plus responsable ni ne garantit que le contenu ou le logiciel accessible via ce site Web CMR GROUP MARTI-INGLADA, S.L. n'est pas responsable ni ne garantit l'utilisation des informations ou du contenu de ce site Web qui pourraient \u00eatre canalis\u00e9s \u00e0 des fins priv\u00e9es et ne sera en aucun cas responsable des pertes ou dommages de toute nature r\u00e9sultant de l'acc\u00e8s et de l'utilisation de la page Web., tels que des virus informatiques ou tout autre type de composant nuisible. \u00eatre ininterrompu, sans erreur ou causer des dommages \u00e0 l'utilisateur.<\/span><\/span><\/p>\n<p align=\"JUSTIFY\"><span style=\"font-family: Arial, serif;\"><span style=\"font-size: small;\">CMR GROUP MARTI-INGLADA, S.L. n'est pas li\u00e9 \u00e0 l'utilisation que les utilisateurs font du site Web et des informations qu'il contient, et ne garantit pas que lors de l'acc\u00e8s \u00e0 d'autres sites Web via des liens (links) ou des moteurs de recherche, des informations peuvent \u00eatre affich\u00e9es qui nuisent \u00e0 leur sensibilit\u00e9 ou causent des dommages.<\/span><\/span><\/p>\n<p align=\"JUSTIFY\"><span style=\"font-family: Arial, serif;\"><span style=\"font-size: small;\">CMR GROUP MARTI-INGLADA, S.L. n'assume aucune responsabilit\u00e9 pour le contenu de tout forum ou d\u00e9bat dans le cyberespace (chat), bulletins ou tout type de transmissions, qui sont li\u00e9s \u00e0 ce site Web et coop\u00e9rera, si requis par ordonnance du tribunal ou par les autorit\u00e9s comp\u00e9tentes, dans l'identification des personnes responsables de ces contenus qui violent la loi.<\/span><\/span><\/p>\n<p align=\"JUSTIFY\"><span style=\"font-family: Arial, serif;\"><span style=\"font-size: small;\"><u>ACC\u00c8S AU SITE INTERNET<\/u><\/span><\/span><\/p>\n<p align=\"JUSTIFY\"><span style=\"font-family: Arial, serif;\"><span style=\"font-size: small;\">En tant qu'utilisateur de notre site Web, vous vous engagez \u00e0 ne pas utiliser la Page pour mener des activit\u00e9s contraires \u00e0 la loi, aux bonnes m\u0153urs, \u00e0 l'ordre public et, en g\u00e9n\u00e9ral, \u00e0 en faire usage conform\u00e9ment aux conditions \u00e9tablies dans les pr\u00e9sentes Mentions L\u00e9gales. De m\u00eame, il vous oblige \u00e0 ne pas mener d'activit\u00e9s publicitaires ou d'exploitation commerciale en envoyant des messages utilisant une fausse identit\u00e9.<\/span><\/span><\/p>\n<p align=\"JUSTIFY\"><span style=\"font-family: Arial, serif;\"><span style=\"font-size: small;\">CMR GROUP MARTI-INGLADA, S.L. agit exclusivement en tant que responsable de la Page en sa qualit\u00e9 de fournisseur d'un service d'information et de contenu, soit sur ses propres services, soit sur les services de tiers avec lesquels il a sign\u00e9 des accords, n'\u00e9tant pas responsable du contenu qui, contrairement \u00e0 ces conditions, les utilisateurs pourraient envoyer ou publier, l'utilisateur \u00e9tant seul responsable de la v\u00e9racit\u00e9 et de la l\u00e9galit\u00e9 de ceux-ci.<\/span><\/span><\/p>\n<p align=\"JUSTIFY\"><span style=\"font-family: Arial, serif;\"><span style=\"font-size: small;\">GROUPE CMR MARTI-INGLADA, S.L. peut interrompre le service de la Page en cours d'utilisation par l'utilisateur et r\u00e9soudre imm\u00e9diatement la relation avec l'utilisateur s'il d\u00e9tecte une utilisation de la Page ou de l'un des services qui y sont propos\u00e9s qu'il peut consid\u00e9rer comme contraire \u00e0 ce qui est exprim\u00e9 dans le pr\u00e9sent avis juridique<\/span><\/span><\/p>\n<p align=\"JUSTIFY\"><span style=\"font-family: Arial, serif;\"><span style=\"font-size: small;\">Le contenu des services propos\u00e9s et leur utilisation sont limit\u00e9s aux utilisateurs de plus de 18 ans. CMR GROUP MARTI-INGLADA, S.L. rappelle aux utilisateurs majeurs, ayant \u00e0 leur charge des mineurs, qu'il leur appartiendra de d\u00e9terminer quels services et\/ou contenus sont inappropri\u00e9s \u00e0 l'\u00e2ge de ces derniers. Dans le cas o\u00f9 l'acc\u00e8s et l'inscription ont lieu par un mineur, il sera pr\u00e9sum\u00e9 que cet acc\u00e8s a \u00e9t\u00e9 effectu\u00e9 avec l'autorisation pr\u00e9alable et expresse de ses parents, tuteurs ou repr\u00e9sentants l\u00e9gaux, CMR GROUP MARTI-INGLADA, S.L. se r\u00e9serve le droit d'effectuer autant de v\u00e9rifications et de contr\u00f4les qu'elle jugera opportuns \u00e0 cet \u00e9gard.<\/span><\/span><\/p>\n<p align=\"JUSTIFY\"><span style=\"font-family: Arial, serif;\"><span style=\"font-size: small;\">GROUPE CMR MARTI-INGLADA, S.L. vous informe qu'il existe des programmes informatiques qui permettent de filtrer et de bloquer l'acc\u00e8s \u00e0 certains contenus et services, afin que les parents ou tuteurs, par exemple, puissent d\u00e9cider \u00e0 quels contenus et services Internet les mineurs peuvent acc\u00e9der et lesquels ne le peuvent pas.<\/span><\/span><\/p>\n<p align=\"JUSTIFY\"><span style=\"font-family: Arial, serif;\"><span style=\"font-size: small;\">En aucun cas CMR GROUP MARTI-INGLADA, S.L. sera responsable de la v\u00e9racit\u00e9 des donn\u00e9es fournies par les utilisateurs, de sorte que chacun d'eux sera seul responsable des informations fournies \u00e0 CMR GROUP MARTI-INGLADA, S.L. sont ad\u00e9quates, exactes, mises \u00e0 jour et pr\u00e9cises ou, sinon, des cons\u00e9quences possibles pouvant d\u00e9couler du manque de qualit\u00e9 et de v\u00e9racit\u00e9 des donn\u00e9es.<\/span><\/span><\/p>\n<p align=\"JUSTIFY\"><span style=\"font-family: Arial, serif;\"><span style=\"font-size: small;\"><u>LIENS OU LINKS<\/u><\/span><\/span><\/p>\n<p align=\"JUSTIFY\"><span style=\"font-family: Arial, serif;\"><span style=\"font-size: small;\">En plus des liens de CMR GROUP MARTI-INGLADA, S.L., le site Web peut inclure des liens vers des sites tiers. Nous r\u00e9affirmons que les pages appartenant \u00e0 ces tiers n'ont pas \u00e9t\u00e9 examin\u00e9es ou sont soumises au contr\u00f4le de CMR GROUP MARTI-INGLADA, S.L., donc CMR GROUP MARTI-INGLADA, S.L. ne peut \u00eatre tenu responsable du contenu de ces sites, ni des mesures adopt\u00e9es concernant leur vie priv\u00e9e ou le traitement de leurs donn\u00e9es personnelles ou autres qui pourraient en d\u00e9couler.<\/span><\/span><\/p>\n<p align=\"JUSTIFY\"><span style=\"font-family: Arial, serif;\"><span style=\"font-size: small;\">La lecture attentive des conditions d'utilisation, de la politique de confidentialit\u00e9, des mentions l\u00e9gales et\/ou similaires de ces sites est recommand\u00e9e.<\/span><\/span><\/p>\n<p align=\"JUSTIFY\"><span style=\"font-family: Arial, serif;\"><span style=\"font-size: small;\"><u>MODIFICATION<\/u><\/span><\/span><\/p>\n<p align=\"JUSTIFY\"><span style=\"font-family: Arial, serif;\"><span style=\"font-size: small;\">Fruits CMR se r\u00e9serve tous les droits de modifier, limiter ou annuler les termes et conditions applicables au site Web, n'assumant aucune responsabilit\u00e9 quant \u00e0 sa mise \u00e0 jour, ainsi que le pouvoir d'apporter autant de modifications \u00e0 la configuration ou \u00e0 la pr\u00e9sentation du site Web qu'elle le juge n\u00e9cessaire. appropri\u00e9, \u00e0 tout moment et sans pr\u00e9avis.<\/span><\/span><\/p>\n\t\t\t\t\t\t\t\t<\/div>\n\t\t\t\t<\/div>\n\t\t\t\t\t<\/div>\n\t\t<\/div>\n\t\t\t\t\t<\/div>\n\t\t<\/section>\n\t\t\t\t<\/div>","protected":false},"excerpt":{"rendered":"<p>AVISO LEGAL OBJETO El presente AVISO LEGAL regula los derechos y obligaciones de CMR GROUP MARTI-INGLADA, S.L. y de los usuarios en relaci\u00f3n el acceso, navegaci\u00f3n y utilizaci\u00f3n de la presente web sin perjuicio de que CMR GROUP MARTI-INGLADA, S.L. se reserve el derecho a modificar, sin previo aviso, su contenido, siendo vigentes las que [&hellip;]<\/p>\n","protected":false},"author":6,"featured_media":0,"parent":0,"menu_order":0,"comment_status":"closed","ping_status":"closed","template":"elementor_header_footer","meta":{"site-sidebar-layout":"default","site-content-layout":"default","ast-site-content-layout":"default","site-content-style":"default","site-sidebar-style":"default","ast-global-header-display":"","ast-banner-title-visibility":"","ast-main-header-display":"","ast-hfb-above-header-display":"","ast-hfb-below-header-display":"","ast-hfb-mobile-header-display":"","site-post-title":"","ast-breadcrumbs-content":"","ast-featured-img":"","footer-sml-layout":"","ast-disable-related-posts":"","theme-transparent-header-meta":"default","adv-header-id-meta":"","stick-header-meta":"","header-above-stick-meta":"","header-main-stick-meta":"","header-below-stick-meta":"","astra-migrate-meta-layouts":"default","ast-page-background-enabled":"default","ast-page-background-meta":{"desktop":{"background-color":"","background-image":"","background-repeat":"repeat","background-position":"center center","background-size":"auto","background-attachment":"scroll","background-type":"","background-media":"","overlay-type":"","overlay-color":"","overlay-opacity":"","overlay-gradient":""},"tablet":{"background-color":"","background-image":"","background-repeat":"repeat","background-position":"center center","background-size":"auto","background-attachment":"scroll","background-type":"","background-media":"","overlay-type":"","overlay-color":"","overlay-opacity":"","overlay-gradient":""},"mobile":{"background-color":"","background-image":"","background-repeat":"repeat","background-position":"center center","background-size":"auto","background-attachment":"scroll","background-type":"","background-media":"","overlay-type":"","overlay-color":"","overlay-opacity":"","overlay-gradient":""}},"ast-content-background-meta":{"desktop":{"background-color":"var(--ast-global-color-5)","background-image":"","background-repeat":"repeat","background-position":"center center","background-size":"auto","background-attachment":"scroll","background-type":"","background-media":"","overlay-type":"","overlay-color":"","overlay-opacity":"","overlay-gradient":""},"tablet":{"background-color":"var(--ast-global-color-5)","background-image":"","background-repeat":"repeat","background-position":"center center","background-size":"auto","background-attachment":"scroll","background-type":"","background-media":"","overlay-type":"","overlay-color":"","overlay-opacity":"","overlay-gradient":""},"mobile":{"background-color":"var(--ast-global-color-5)","background-image":"","background-repeat":"repeat","background-position":"center center","background-size":"auto","background-attachment":"scroll","background-type":"","background-media":"","overlay-type":"","overlay-color":"","overlay-opacity":"","overlay-gradient":""}},"footnotes":""},"class_list":["post-13","page","type-page","status-publish","hentry"],"meta_box":[],"_links":{"self":[{"href":"https:\/\/cmrgroup.es\/fr\/wp-json\/wp\/v2\/pages\/13","targetHints":{"allow":["GET"]}}],"collection":[{"href":"https:\/\/cmrgroup.es\/fr\/wp-json\/wp\/v2\/pages"}],"about":[{"href":"https:\/\/cmrgroup.es\/fr\/wp-json\/wp\/v2\/types\/page"}],"author":[{"embeddable":true,"href":"https:\/\/cmrgroup.es\/fr\/wp-json\/wp\/v2\/users\/6"}],"replies":[{"embeddable":true,"href":"https:\/\/cmrgroup.es\/fr\/wp-json\/wp\/v2\/comments?post=13"}],"version-history":[{"count":8,"href":"https:\/\/cmrgroup.es\/fr\/wp-json\/wp\/v2\/pages\/13\/revisions"}],"predecessor-version":[{"id":4115,"href":"https:\/\/cmrgroup.es\/fr\/wp-json\/wp\/v2\/pages\/13\/revisions\/4115"}],"wp:attachment":[{"href":"https:\/\/cmrgroup.es\/fr\/wp-json\/wp\/v2\/media?parent=13"}],"curies":[{"name":"wp","href":"https:\/\/api.w.org\/{rel}","templated":true}]}}