{"id":15,"date":"2021-06-14T16:22:36","date_gmt":"2021-06-14T14:22:36","guid":{"rendered":"http:\/\/cmrgroup.es\/politica-de-cookies-ue"},"modified":"2021-12-24T11:39:19","modified_gmt":"2021-12-24T10:39:19","slug":"politica-de-cookies-ue","status":"publish","type":"page","link":"https:\/\/cmrgroup.es\/fr\/politica-de-cookies-ue","title":{"rendered":"Pol\u00edtica de cookies (UE)"},"content":{"rendered":"<div data-elementor-type=\"wp-page\" data-elementor-id=\"15\" class=\"elementor elementor-15\" data-elementor-post-type=\"page\">\n\t\t\t\t\t\t<section class=\"elementor-section elementor-top-section elementor-element elementor-element-609e3033 elementor-section-boxed elementor-section-height-default elementor-section-height-default\" data-id=\"609e3033\" data-element_type=\"section\" data-e-type=\"section\">\n\t\t\t\t\t\t<div class=\"elementor-container elementor-column-gap-default\">\n\t\t\t\t\t<div class=\"elementor-column elementor-col-100 elementor-top-column elementor-element elementor-element-193ebae2\" data-id=\"193ebae2\" data-element_type=\"column\" data-e-type=\"column\">\n\t\t\t<div class=\"elementor-widget-wrap elementor-element-populated\">\n\t\t\t\t\t\t<div class=\"elementor-element elementor-element-b778c10 elementor-widget elementor-widget-text-editor\" data-id=\"b778c10\" data-element_type=\"widget\" data-e-type=\"widget\" data-widget_type=\"text-editor.default\">\n\t\t\t\t<div class=\"elementor-widget-container\">\n\t\t\t\t\t\t\t\t\t<h2>POLITIQUE DE COOKIES<\/h2><p>\u00a0<\/p><p align=\"JUSTIFY\"><span style=\"font-family: Arial, serif;\"><span style=\"font-size: small;\">Les cookies sont de br\u00e8ves informations qui sont envoy\u00e9es et stock\u00e9es sur le disque dur de l'ordinateur de l'utilisateur via son navigateur lorsqu'il se connecte \u00e0 un site Web.<\/span><\/span><\/p><p align=\"JUSTIFY\"><span style=\"font-family: Arial, serif;\"><span style=\"font-size: small;\">Les cookies peuvent \u00eatre utilis\u00e9s pour obtenir et stocker des donn\u00e9es utilisateur pendant la connexion afin de faciliter les services demand\u00e9s et qui ne sont g\u00e9n\u00e9ralement pas conserv\u00e9es (cookies de session), ou pour conserver des donn\u00e9es utilisateur pour d'autres types de services futurs et qui peuvent \u00eatre conserv\u00e9es ind\u00e9finiment (cookies persistants). Les cookies peuvent \u00eatre propres ou tiers.<\/span><\/span><\/p><p align=\"JUSTIFY\"><span style=\"font-family: Arial, serif;\"><span style=\"font-size: small;\">CMR GROUP MARTI-INGLADA, S.L. conform\u00e9ment aux dispositions de l'article 22.2 de la loi 34\/2002 du 11 juillet sur les services de la soci\u00e9t\u00e9 de l'information et du commerce \u00e9lectronique, vous informe que ce site utilise ses propres cookies et ceux de tiers pour am\u00e9liorer la navigation, collecter des informations anonymes sur les visites en utilisant Google Analytics et pour int\u00e9grer le contenu d'autres services tels que Whatsapp, etc. Les cookies sont des fichiers qui peuvent \u00eatre t\u00e9l\u00e9charg\u00e9s sur votre appareil pendant votre navigation et qui fournissent des informations sur les pr\u00e9f\u00e9rences et les habitudes de navigation pour am\u00e9liorer votre exp\u00e9rience utilisateur. Si vous souhaitez en savoir plus sur l'utilisation des cookies, consultez le Guide sur l'utilisation des cookies publi\u00e9 par l'Agence espagnole de protection des donn\u00e9es.<\/span><\/span><\/p><p align=\"JUSTIFY\"><span style=\"font-family: Arial, serif;\"><span style=\"font-size: small;\"><u>Il existe plusieurs types de cookies:<\/u><\/span><\/span><\/p><p align=\"JUSTIFY\"><span style=\"font-family: Arial, serif;\"><span style=\"font-size: small;\"><b>Cookies techniques<\/b><\/span><\/span><span style=\"font-family: Arial, serif;\"><span style=\"font-size: small;\"> qui facilitent la navigation de l'utilisateur et l'utilisation des diff\u00e9rentes options ou services offerts par le web tels que l'identification de la session, permettant l'acc\u00e8s \u00e0 certaines zones, facilitant les commandes, les achats, le remplissage de formulaires, les inscriptions, la s\u00e9curit\u00e9, facilitant les fonctionnalit\u00e9s (vid\u00e9os, r\u00e9seaux sociaux, etc.).<\/span><\/span><\/p><p align=\"JUSTIFY\"><span style=\"font-family: Arial, serif;\"><span style=\"font-size: small;\"><b>Cookies de personnalisation<\/b><\/span><\/span><span style=\"font-family: Arial, serif;\"><span style=\"font-size: small;\"> qui permettent \u00e0 l'utilisateur d'acc\u00e9der aux services selon ses pr\u00e9f\u00e9rences (langue, navigateur, configuration, etc\u2026).<\/span><\/span><\/p><p align=\"JUSTIFY\"><span style=\"font-family: Arial, serif;\"><span style=\"font-size: small;\"><b>Cookies d'analyse<\/b><\/span><\/span><span style=\"font-family: Arial, serif;\"><span style=\"font-size: small;\"> qui permettent l'analyse anonyme du comportement des internautes et qui permettent de mesurer l'activit\u00e9 des utilisateurs et de cr\u00e9er des profils de navigation dans le but d'am\u00e9liorer les sites.<\/span><\/span><\/p><p align=\"JUSTIFY\"><span style=\"font-family: Arial, serif;\"><span style=\"font-size: small;\"><b>Cookies publicitaires<\/b><\/span><\/span><span style=\"font-family: Arial, serif;\"><span style=\"font-size: small;\"> qui permettent la gestion des espaces publicitaires sur le web.<\/span><\/span><\/p><p align=\"JUSTIFY\"><span style=\"font-family: Arial, serif;\"><span style=\"font-size: small;\"><b>Cookies publicitaires personnalis\u00e9s<\/b><\/span><\/span><span style=\"font-family: Arial, serif;\"><span style=\"font-size: small;\"> qui permettent la gestion des espaces publicitaires du Web en fonction du comportement et des habitudes de navigation de l'utilisateur, \u00e0 partir desquels ils obtiennent leur profil et ce fait leur permet de personnaliser la publicit\u00e9 affich\u00e9e dans le navigateur de l'utilisateur.<\/span><\/span><\/p><p align=\"JUSTIFY\"><span style=\"font-family: Arial, serif;\"><span style=\"font-size: small;\">CMR GROUP MARTI-INGLADA, S.L. utilise uniquement des cookies techniques, de personnalisation et d'analyse, les siens et ceux de tiers, qui ne traitent en aucun cas des donn\u00e9es personnelles ou ne capturent les habitudes de navigation \u00e0 des fins publicitaires.<\/span><\/span><\/p><p align=\"JUSTIFY\"><span style=\"font-family: Arial, serif;\"><span style=\"font-size: small;\">Si vous ne souhaitez pas accepter l'utilisation des technologies susmentionn\u00e9es, nous vous demandons fortement de quitter la page et de d\u00e9sactiver\/supprimer l'utilisation des cookies dans la configuration de votre programme de navigation, conform\u00e9ment aux instructions du fabricant de celui-ci. Si, apr\u00e8s acceptation, vous souhaitez r\u00e9voquer le consentement donn\u00e9, proc\u00e9dez \u00e0 l'\u00e9limination des cookies stock\u00e9s dans votre syst\u00e8me conform\u00e9ment aux instructions du fabricant du programme de navigation.<\/span><\/span><\/p><p align=\"JUSTIFY\"><span style=\"font-family: Arial, serif;\"><span style=\"font-size: small;\"><u>COMMENT D\u00c9SACTIVER LES COOKIES<\/u><\/span><\/span><\/p><p align=\"JUSTIFY\"><span style=\"font-family: Arial, serif;\"><span style=\"font-size: small;\">Pour limiter ou bloquer les cookies qui sont stock\u00e9s sur votre appareil, vous pouvez le faire en modifiant les options de votre navigateur. Les instructions pour les navigateurs les plus courants peuvent \u00eatre trouv\u00e9es ici:<\/span><\/span><\/p><p align=\"JUSTIFY\"><span style=\"font-family: Arial, serif;\"><span style=\"font-size: small;\"><span lang=\"en-US\">Firefox: https:\/\/support.mozilla.org\/es\/kb\/Borrar%20cookies<\/span><\/span><\/span><\/p><p align=\"JUSTIFY\"><span style=\"font-family: Arial, serif;\"><span style=\"font-size: small;\"><span lang=\"en-US\">Chrome: https:\/\/support.google.com\/chrome\/answer\/95647?hl=es<\/span><\/span><\/span><\/p><p align=\"JUSTIFY\"><span style=\"font-family: Arial, serif;\"><span style=\"font-size: small;\"><span lang=\"en-US\">Internet Explorer: http:\/\/windows.microsoft.com\/es-xl\/internet-explorer\/delete-manage-cookies#ie=ie-11<\/span><\/span><\/span><\/p><p align=\"JUSTIFY\"><span style=\"font-family: Arial, serif;\"><span style=\"font-size: small;\">Pour les autres navigateurs ou appareils, vous devez consulter les options ou l'aide fournies par chaque application.<\/span><\/span><\/p>\t\t\t\t\t\t\t\t<\/div>\n\t\t\t\t<\/div>\n\t\t\t\t\t<\/div>\n\t\t<\/div>\n\t\t\t\t\t<\/div>\n\t\t<\/section>\n\t\t\t\t<\/div>","protected":false},"excerpt":{"rendered":"<p>POL\u00cdTICA DE COOKIES \u00a0 Las cookies son breves informaciones que se env\u00edan y almacenan en el disco duro del ordenador del usuario a trav\u00e9s de su navegador cuando \u00e9ste se conecta a una web. Las cookies se pueden utilizar para obtener y almacenar datos del usuario mientras est\u00e1 conectado para facilitar los servicios solicitados y [&hellip;]<\/p>\n","protected":false},"author":6,"featured_media":0,"parent":0,"menu_order":0,"comment_status":"closed","ping_status":"closed","template":"elementor_header_footer","meta":{"site-sidebar-layout":"default","site-content-layout":"","ast-site-content-layout":"default","site-content-style":"default","site-sidebar-style":"default","ast-global-header-display":"","ast-banner-title-visibility":"","ast-main-header-display":"","ast-hfb-above-header-display":"","ast-hfb-below-header-display":"","ast-hfb-mobile-header-display":"","site-post-title":"","ast-breadcrumbs-content":"","ast-featured-img":"","footer-sml-layout":"","ast-disable-related-posts":"","theme-transparent-header-meta":"","adv-header-id-meta":"","stick-header-meta":"","header-above-stick-meta":"","header-main-stick-meta":"","header-below-stick-meta":"","astra-migrate-meta-layouts":"default","ast-page-background-enabled":"default","ast-page-background-meta":{"desktop":{"background-color":"","background-image":"","background-repeat":"repeat","background-position":"center center","background-size":"auto","background-attachment":"scroll","background-type":"","background-media":"","overlay-type":"","overlay-color":"","overlay-opacity":"","overlay-gradient":""},"tablet":{"background-color":"","background-image":"","background-repeat":"repeat","background-position":"center center","background-size":"auto","background-attachment":"scroll","background-type":"","background-media":"","overlay-type":"","overlay-color":"","overlay-opacity":"","overlay-gradient":""},"mobile":{"background-color":"","background-image":"","background-repeat":"repeat","background-position":"center center","background-size":"auto","background-attachment":"scroll","background-type":"","background-media":"","overlay-type":"","overlay-color":"","overlay-opacity":"","overlay-gradient":""}},"ast-content-background-meta":{"desktop":{"background-color":"var(--ast-global-color-5)","background-image":"","background-repeat":"repeat","background-position":"center center","background-size":"auto","background-attachment":"scroll","background-type":"","background-media":"","overlay-type":"","overlay-color":"","overlay-opacity":"","overlay-gradient":""},"tablet":{"background-color":"var(--ast-global-color-5)","background-image":"","background-repeat":"repeat","background-position":"center center","background-size":"auto","background-attachment":"scroll","background-type":"","background-media":"","overlay-type":"","overlay-color":"","overlay-opacity":"","overlay-gradient":""},"mobile":{"background-color":"var(--ast-global-color-5)","background-image":"","background-repeat":"repeat","background-position":"center center","background-size":"auto","background-attachment":"scroll","background-type":"","background-media":"","overlay-type":"","overlay-color":"","overlay-opacity":"","overlay-gradient":""}},"footnotes":""},"class_list":["post-15","page","type-page","status-publish","hentry"],"meta_box":[],"_links":{"self":[{"href":"https:\/\/cmrgroup.es\/fr\/wp-json\/wp\/v2\/pages\/15","targetHints":{"allow":["GET"]}}],"collection":[{"href":"https:\/\/cmrgroup.es\/fr\/wp-json\/wp\/v2\/pages"}],"about":[{"href":"https:\/\/cmrgroup.es\/fr\/wp-json\/wp\/v2\/types\/page"}],"author":[{"embeddable":true,"href":"https:\/\/cmrgroup.es\/fr\/wp-json\/wp\/v2\/users\/6"}],"replies":[{"embeddable":true,"href":"https:\/\/cmrgroup.es\/fr\/wp-json\/wp\/v2\/comments?post=15"}],"version-history":[{"count":4,"href":"https:\/\/cmrgroup.es\/fr\/wp-json\/wp\/v2\/pages\/15\/revisions"}],"predecessor-version":[{"id":4118,"href":"https:\/\/cmrgroup.es\/fr\/wp-json\/wp\/v2\/pages\/15\/revisions\/4118"}],"wp:attachment":[{"href":"https:\/\/cmrgroup.es\/fr\/wp-json\/wp\/v2\/media?parent=15"}],"curies":[{"name":"wp","href":"https:\/\/api.w.org\/{rel}","templated":true}]}}